{"id":23014,"date":"2022-07-06T10:20:20","date_gmt":"2022-07-06T09:20:20","guid":{"rendered":"https:\/\/leber-vracko.si\/home-und-familie\/"},"modified":"2023-12-08T13:21:42","modified_gmt":"2023-12-08T12:21:42","slug":"home-und-familie","status":"publish","type":"page","link":"https:\/\/leber-vracko.si\/de\/home-und-familie\/","title":{"rendered":"Betrieb und Familie"},"content":{"rendered":"\t\t<div data-elementor-type=\"wp-page\" data-elementor-id=\"23014\" class=\"elementor elementor-23014 elementor-17668\" data-elementor-post-type=\"page\">\n\t\t\t\t\t\t\t\t\t<section class=\"elementor-section-with-custom-width elementor-section elementor-top-section elementor-element elementor-element-2a919fd elementor-section-content-middle elementor-section-stretched elementor-section-boxed elementor-section-height-default elementor-section-height-default sc_fly_static\" data-id=\"2a919fd\" data-element_type=\"section\" data-settings=\"{&quot;background_background&quot;:&quot;classic&quot;,&quot;stretch_section&quot;:&quot;section-stretched&quot;}\">\n\t\t\t\t\t\t<div class=\"elementor-container elementor-column-gap-extended\">\n\t\t\t\t\t<div class=\"elementor-column elementor-col-50 elementor-top-column elementor-element elementor-element-01a38c6 sc_inner_width_none sc_content_align_inherit sc_layouts_column_icons_position_left sc_fly_static\" data-id=\"01a38c6\" data-element_type=\"column\">\n\t\t\t<div class=\"elementor-widget-wrap elementor-element-populated\">\n\t\t\t\t\t\t\t\t<div class=\"elementor-element elementor-element-ebf177b sc_fly_static elementor-widget elementor-widget-trx_sc_title\" data-id=\"ebf177b\" data-element_type=\"widget\" data-widget_type=\"trx_sc_title.default\">\n\t\t\t\t<div class=\"elementor-widget-container\">\n\t\t\t<div\t\tclass=\"sc_title color_style_dark sc_title_default\" ><h2 class=\"sc_item_title sc_title_title sc_item_title_style_default sc_item_title_tag\"\n\t\t\t><span class=\"sc_item_title_text\">Familie<\/span><\/h2><\/div>\t\t<\/div>\n\t\t\t\t<\/div>\n\t\t\t\t<div class=\"elementor-element elementor-element-82c1a0d sc_fly_static elementor-widget elementor-widget-text-editor\" data-id=\"82c1a0d\" data-element_type=\"widget\" data-widget_type=\"text-editor.default\">\n\t\t\t\t<div class=\"elementor-widget-container\">\n\t\t\t\t\t\t\t<p>Der Familienbetrieb Leber Vra\u010dko hat vier Generationen, die sich in Arbeit, Ideen, Motivation, Innovation und Tradition erg\u00e4nzen.<br \/>Barbara und Jernej und das j\u00fcngste Familienmitglied Luka k\u00fcmmern sich um das Wohlergehen unserer K\u00fche und die Milchproduktion. Katja und ihr Mann Gregor betreuen den Opok27, ein Weingut und Restaurant zwischen die Weinbergen, wo sie sich um die\u00a0 Gesundheit der Reben und die atemberaubende Natur des edlen Tropfens in Kombination mit einer ausgezeichneten K\u00fcche k\u00fcmmern. Alenka und Ivan sind eine unentbehrliche Unterst\u00fctzung bei allen Aktivit\u00e4ten, und neben der Hilfe auf beiden H\u00f6fen ihrer T\u00f6chter konzentrieren sie sich in letzter Zeit haupts\u00e4chlich auf die Produktion von Naturstrohhalmen. Die Gro\u00dfeltern Fanika und Fran\u010dek \u00fcberpr\u00fcfen regelm\u00e4\u00dfig die Qualit\u00e4t der Arbeit und nutzen ihr Lob und konstruktive Kritik, um die Arbeit st\u00e4ndig zu verbessern.\u00a0<\/p>\t\t\t\t\t\t<\/div>\n\t\t\t\t<\/div>\n\t\t\t\t\t<\/div>\n\t\t<\/div>\n\t\t\t\t<div class=\"elementor-column elementor-col-50 elementor-top-column elementor-element elementor-element-957e46f sc_inner_width_none sc_content_align_inherit sc_layouts_column_icons_position_left sc_fly_static\" data-id=\"957e46f\" data-element_type=\"column\">\n\t\t\t<div class=\"elementor-widget-wrap elementor-element-populated\">\n\t\t\t\t\t\t\t\t<div class=\"elementor-element elementor-element-29969dc sc_fly_static elementor-widget elementor-widget-image\" data-id=\"29969dc\" data-element_type=\"widget\" data-widget_type=\"image.default\">\n\t\t\t\t<div class=\"elementor-widget-container\">\n\t\t\t\t\t\t\t\t\t\t\t\t\t\t\t<img fetchpriority=\"high\" decoding=\"async\" width=\"2560\" height=\"1707\" src=\"https:\/\/leber-vracko.si\/wp-content\/uploads\/2023\/12\/DSC_0159-Kopija-scaled.jpg\" class=\"attachment-full size-full wp-image-22969\" alt=\"\" srcset=\"https:\/\/leber-vracko.si\/wp-content\/uploads\/2023\/12\/DSC_0159-Kopija-scaled.jpg 2560w, https:\/\/leber-vracko.si\/wp-content\/uploads\/2023\/12\/DSC_0159-Kopija-300x200.jpg 300w, https:\/\/leber-vracko.si\/wp-content\/uploads\/2023\/12\/DSC_0159-Kopija-1024x683.jpg 1024w, https:\/\/leber-vracko.si\/wp-content\/uploads\/2023\/12\/DSC_0159-Kopija-768x512.jpg 768w, https:\/\/leber-vracko.si\/wp-content\/uploads\/2023\/12\/DSC_0159-Kopija-1536x1024.jpg 1536w, https:\/\/leber-vracko.si\/wp-content\/uploads\/2023\/12\/DSC_0159-Kopija-2048x1365.jpg 2048w, https:\/\/leber-vracko.si\/wp-content\/uploads\/2023\/12\/DSC_0159-Kopija-370x247.jpg 370w, https:\/\/leber-vracko.si\/wp-content\/uploads\/2023\/12\/DSC_0159-Kopija-840x560.jpg 840w, https:\/\/leber-vracko.si\/wp-content\/uploads\/2023\/12\/DSC_0159-Kopija-410x273.jpg 410w\" sizes=\"(max-width: 2560px) 100vw, 2560px\" \/>\t\t\t\t\t\t\t\t\t\t\t\t\t\t\t<\/div>\n\t\t\t\t<\/div>\n\t\t\t\t\t<\/div>\n\t\t<\/div>\n\t\t\t\t\t\t\t<\/div>\n\t\t<\/section>\n\t\t\t\t<section class=\"elementor-section-with-custom-width elementor-section elementor-top-section elementor-element elementor-element-0aa66d0 elementor-section-content-middle elementor-section-stretched elementor-reverse-mobile elementor-section-boxed elementor-section-height-default elementor-section-height-default sc_fly_static\" data-id=\"0aa66d0\" data-element_type=\"section\" data-settings=\"{&quot;background_background&quot;:&quot;classic&quot;,&quot;stretch_section&quot;:&quot;section-stretched&quot;}\">\n\t\t\t\t\t\t<div class=\"elementor-container elementor-column-gap-extended\">\n\t\t\t\t\t<div class=\"elementor-column elementor-col-50 elementor-top-column elementor-element elementor-element-222e032 sc_inner_width_none sc_content_align_inherit sc_layouts_column_icons_position_left sc_fly_static\" data-id=\"222e032\" data-element_type=\"column\">\n\t\t\t<div class=\"elementor-widget-wrap elementor-element-populated\">\n\t\t\t\t\t\t\t\t<div class=\"elementor-element elementor-element-26a62e4 sc_fly_static elementor-widget elementor-widget-image\" data-id=\"26a62e4\" data-element_type=\"widget\" data-widget_type=\"image.default\">\n\t\t\t\t<div class=\"elementor-widget-container\">\n\t\t\t\t\t\t\t\t\t\t\t\t\t\t\t<img decoding=\"async\" width=\"1024\" height=\"681\" src=\"https:\/\/leber-vracko.si\/wp-content\/uploads\/2023\/12\/glavna-slika-dom-1024x681-1.jpg\" class=\"attachment-full size-full wp-image-22985\" alt=\"\" srcset=\"https:\/\/leber-vracko.si\/wp-content\/uploads\/2023\/12\/glavna-slika-dom-1024x681-1.jpg 1024w, https:\/\/leber-vracko.si\/wp-content\/uploads\/2023\/12\/glavna-slika-dom-1024x681-1-300x200.jpg 300w, https:\/\/leber-vracko.si\/wp-content\/uploads\/2023\/12\/glavna-slika-dom-1024x681-1-768x511.jpg 768w, https:\/\/leber-vracko.si\/wp-content\/uploads\/2023\/12\/glavna-slika-dom-1024x681-1-370x246.jpg 370w, https:\/\/leber-vracko.si\/wp-content\/uploads\/2023\/12\/glavna-slika-dom-1024x681-1-840x559.jpg 840w, https:\/\/leber-vracko.si\/wp-content\/uploads\/2023\/12\/glavna-slika-dom-1024x681-1-410x273.jpg 410w\" sizes=\"(max-width: 1024px) 100vw, 1024px\" \/>\t\t\t\t\t\t\t\t\t\t\t\t\t\t\t<\/div>\n\t\t\t\t<\/div>\n\t\t\t\t\t<\/div>\n\t\t<\/div>\n\t\t\t\t<div class=\"elementor-column elementor-col-50 elementor-top-column elementor-element elementor-element-76e728e sc_inner_width_none sc_content_align_inherit sc_layouts_column_icons_position_left sc_fly_static\" data-id=\"76e728e\" data-element_type=\"column\">\n\t\t\t<div class=\"elementor-widget-wrap elementor-element-populated\">\n\t\t\t\t\t\t\t\t<div class=\"elementor-element elementor-element-ec4b33c sc_fly_static elementor-widget elementor-widget-trx_sc_title\" data-id=\"ec4b33c\" data-element_type=\"widget\" data-widget_type=\"trx_sc_title.default\">\n\t\t\t\t<div class=\"elementor-widget-container\">\n\t\t\t<div\t\tclass=\"sc_title color_style_dark sc_title_default\" ><h2 class=\"sc_item_title sc_title_title sc_item_title_style_default sc_item_title_tag\"\n\t\t\t><span class=\"sc_item_title_text\">HOME<\/span><\/h2><\/div>\t\t<\/div>\n\t\t\t\t<\/div>\n\t\t\t\t<div class=\"elementor-element elementor-element-fa53b24 sc_fly_static elementor-widget elementor-widget-text-editor\" data-id=\"fa53b24\" data-element_type=\"widget\" data-widget_type=\"text-editor.default\">\n\t\t\t\t<div class=\"elementor-widget-container\">\n\t\t\t\t\t\t\t<p><strong>Wir sind die sechste Generation der Familie Leber, die auf Jedlovnik, im Herzen von Slovenske gorice, nicht weit von der slowenisch &#8211; \u00f6sterreichischen Grenze, die Landwirtschaft f\u00fchrt.<\/strong><\/p>\n<p>Im Jahr 1795 wurde das Anwesen mit einem Testament an unsere Vorfahren \u00fcbergeben, die in den folgenden Jahrhunderten immer ausschlie\u00dflich in der Landwirtschaft t\u00e4tig waren.<\/p>\n\t\t\t\t\t\t<\/div>\n\t\t\t\t<\/div>\n\t\t\t\t\t<\/div>\n\t\t<\/div>\n\t\t\t\t\t\t\t<\/div>\n\t\t<\/section>\n\t\t\t\t\t\t\t<\/div>\n\t\t","protected":false},"excerpt":{"rendered":"<p>Familie Der Familienbetrieb Leber Vra\u010dko hat vier Generationen, die sich in Arbeit, Ideen, Motivation, Innovation und Tradition erg\u00e4nzen.Barbara und Jernej und das j\u00fcngste Familienmitglied Luka k\u00fcmmern sich um das Wohlergehen&hellip;<\/p>\n","protected":false},"author":1,"featured_media":0,"parent":0,"menu_order":0,"comment_status":"closed","ping_status":"closed","template":"","meta":{"footnotes":""},"class_list":["post-23014","page","type-page","status-publish","hentry"],"_links":{"self":[{"href":"https:\/\/leber-vracko.si\/de\/wp-json\/wp\/v2\/pages\/23014","targetHints":{"allow":["GET"]}}],"collection":[{"href":"https:\/\/leber-vracko.si\/de\/wp-json\/wp\/v2\/pages"}],"about":[{"href":"https:\/\/leber-vracko.si\/de\/wp-json\/wp\/v2\/types\/page"}],"author":[{"embeddable":true,"href":"https:\/\/leber-vracko.si\/de\/wp-json\/wp\/v2\/users\/1"}],"replies":[{"embeddable":true,"href":"https:\/\/leber-vracko.si\/de\/wp-json\/wp\/v2\/comments?post=23014"}],"version-history":[{"count":8,"href":"https:\/\/leber-vracko.si\/de\/wp-json\/wp\/v2\/pages\/23014\/revisions"}],"predecessor-version":[{"id":23155,"href":"https:\/\/leber-vracko.si\/de\/wp-json\/wp\/v2\/pages\/23014\/revisions\/23155"}],"wp:attachment":[{"href":"https:\/\/leber-vracko.si\/de\/wp-json\/wp\/v2\/media?parent=23014"}],"curies":[{"name":"wp","href":"https:\/\/api.w.org\/{rel}","templated":true}]}}