{"id":23008,"date":"2023-12-05T14:21:34","date_gmt":"2023-12-05T13:21:34","guid":{"rendered":"https:\/\/leber-vracko.si\/milch\/"},"modified":"2023-12-06T22:10:26","modified_gmt":"2023-12-06T21:10:26","slug":"milch","status":"publish","type":"page","link":"https:\/\/leber-vracko.si\/de\/milch\/","title":{"rendered":"Milch"},"content":{"rendered":"\t\t<div data-elementor-type=\"wp-page\" data-elementor-id=\"23008\" class=\"elementor elementor-23008 elementor-22446\" data-elementor-post-type=\"page\">\n\t\t\t\t\t\t\t\t\t<section class=\"elementor-section-with-custom-width elementor-section elementor-top-section elementor-element elementor-element-2a919fd elementor-section-content-middle elementor-section-stretched elementor-section-boxed elementor-section-height-default elementor-section-height-default sc_fly_static\" data-id=\"2a919fd\" data-element_type=\"section\" data-settings=\"{&quot;background_background&quot;:&quot;classic&quot;,&quot;stretch_section&quot;:&quot;section-stretched&quot;}\">\n\t\t\t\t\t\t<div class=\"elementor-container elementor-column-gap-extended\">\n\t\t\t\t\t<div class=\"elementor-column elementor-col-50 elementor-top-column elementor-element elementor-element-01a38c6 sc_inner_width_none sc_content_align_inherit sc_layouts_column_icons_position_left sc_fly_static\" data-id=\"01a38c6\" data-element_type=\"column\">\n\t\t\t<div class=\"elementor-widget-wrap elementor-element-populated\">\n\t\t\t\t\t\t\t\t<div class=\"elementor-element elementor-element-ebf177b sc_fly_static elementor-widget elementor-widget-trx_sc_title\" data-id=\"ebf177b\" data-element_type=\"widget\" data-widget_type=\"trx_sc_title.default\">\n\t\t\t\t<div class=\"elementor-widget-container\">\n\t\t\t<div\t\tclass=\"sc_title color_style_dark sc_title_default\" ><h2 class=\"sc_item_title sc_title_title sc_item_title_style_default sc_item_title_tag\"\n\t\t\t><span class=\"sc_item_title_text\">Milch, das Ern\u00e4hrungs-Wunder und ein unverzichtbarer Teil der traditionellen und modernen K\u00fcche, ist das Geschenk unserer K\u00fche.<\/span><\/h2><\/div>\t\t<\/div>\n\t\t\t\t<\/div>\n\t\t\t\t<div class=\"elementor-element elementor-element-82c1a0d sc_fly_static elementor-widget elementor-widget-text-editor\" data-id=\"82c1a0d\" data-element_type=\"widget\" data-widget_type=\"text-editor.default\">\n\t\t\t\t<div class=\"elementor-widget-container\">\n\t\t\t\t\t\t\t<p>Unsere Sorge und Liebe f\u00fcr K\u00fche der schwarz-wei\u00dfen Rasse, erfordert st\u00e4ndige Wartung der guten Lebensbedingungen f\u00fcr die Tiere. Die K\u00fche sind in der Freilandhaltung, in einem sorgf\u00e4ltig gestalteten R\u00e4umen aus nat\u00fcrlichen Materialien, wo die ausreichend Wohnraum haben, auch wenn sie nicht drau\u00dfen grasen. Wir sind davon \u00fcberzeugt, dass das wachsame Auge des Z\u00fcchters mit dem Sinn eines Lebewesens \u00fcbereinstimmen muss, in dieser Hinsicht ist der Respekt f\u00fcr das Leben auf den ersten Platz.<\/p>\n<p>Das Ergebnis kann sich sehen lassen: die K\u00fche haben bereits viele Preise im Rahmen von Kuh-Wettbewerben erhalten.<\/p>\n<p>Wir nehmen Milch mit gro\u00dfer Dankbarkeit und Respekt an und \u00fcberwachen die Milchproduktion mit Sorgfalt. Die hohe Qualit\u00e4t unserer Milch best\u00e4tigt das Interesse von dieser Seite und \u00fcber die Grenzen hinaus.<\/p>\n\t\t\t\t\t\t<\/div>\n\t\t\t\t<\/div>\n\t\t\t\t\t<\/div>\n\t\t<\/div>\n\t\t\t\t<div class=\"elementor-column elementor-col-50 elementor-top-column elementor-element elementor-element-957e46f sc_inner_width_none sc_content_align_inherit sc_layouts_column_icons_position_left sc_fly_static\" data-id=\"957e46f\" data-element_type=\"column\">\n\t\t\t<div class=\"elementor-widget-wrap elementor-element-populated\">\n\t\t\t\t\t\t\t\t<div class=\"elementor-element elementor-element-29969dc sc_fly_static elementor-widget elementor-widget-image\" data-id=\"29969dc\" data-element_type=\"widget\" data-widget_type=\"image.default\">\n\t\t\t\t<div class=\"elementor-widget-container\">\n\t\t\t\t\t\t\t\t\t\t\t\t\t\t\t<img fetchpriority=\"high\" decoding=\"async\" width=\"1024\" height=\"680\" src=\"https:\/\/leber-vracko.si\/wp-content\/uploads\/2023\/12\/mleko1-1024x680-1.jpg\" class=\"attachment-full size-full wp-image-22987\" alt=\"\" srcset=\"https:\/\/leber-vracko.si\/wp-content\/uploads\/2023\/12\/mleko1-1024x680-1.jpg 1024w, https:\/\/leber-vracko.si\/wp-content\/uploads\/2023\/12\/mleko1-1024x680-1-300x199.jpg 300w, https:\/\/leber-vracko.si\/wp-content\/uploads\/2023\/12\/mleko1-1024x680-1-768x510.jpg 768w, https:\/\/leber-vracko.si\/wp-content\/uploads\/2023\/12\/mleko1-1024x680-1-370x246.jpg 370w, https:\/\/leber-vracko.si\/wp-content\/uploads\/2023\/12\/mleko1-1024x680-1-840x558.jpg 840w, https:\/\/leber-vracko.si\/wp-content\/uploads\/2023\/12\/mleko1-1024x680-1-410x272.jpg 410w\" sizes=\"(max-width: 1024px) 100vw, 1024px\" \/>\t\t\t\t\t\t\t\t\t\t\t\t\t\t\t<\/div>\n\t\t\t\t<\/div>\n\t\t\t\t\t<\/div>\n\t\t<\/div>\n\t\t\t\t\t\t\t<\/div>\n\t\t<\/section>\n\t\t\t\t<section class=\"elementor-section-with-custom-width elementor-section elementor-top-section elementor-element elementor-element-0aa66d0 elementor-section-content-middle elementor-section-stretched elementor-section-full_width elementor-section-height-default elementor-section-height-default sc_fly_static\" data-id=\"0aa66d0\" data-element_type=\"section\" data-settings=\"{&quot;background_background&quot;:&quot;classic&quot;,&quot;stretch_section&quot;:&quot;section-stretched&quot;}\">\n\t\t\t\t\t\t<div class=\"elementor-container elementor-column-gap-extended\">\n\t\t\t\t\t<div class=\"elementor-column elementor-col-100 elementor-top-column elementor-element elementor-element-222e032 sc_inner_width_none sc_content_align_inherit sc_layouts_column_icons_position_left sc_fly_static\" data-id=\"222e032\" data-element_type=\"column\">\n\t\t\t<div class=\"elementor-widget-wrap elementor-element-populated\">\n\t\t\t\t\t\t\t\t<div class=\"elementor-element elementor-element-225d6e0 gallery-spacing-custom sc_fly_static elementor-widget elementor-widget-image-gallery\" data-id=\"225d6e0\" data-element_type=\"widget\" data-widget_type=\"image-gallery.default\">\n\t\t\t\t<div class=\"elementor-widget-container\">\n\t\t\t\t\t<div class=\"elementor-image-gallery\">\n\t\t\t<div id='gallery-1' class='gallery galleryid-23008 gallery-columns-4 gallery-size-thumbnail'><figure class='gallery-item'>\n\t\t\t<div class='gallery-icon landscape'>\n\t\t\t\t<a data-elementor-open-lightbox=\"yes\" data-elementor-lightbox-slideshow=\"225d6e0\" data-elementor-lightbox-title=\"mleko3-1024x681\" data-e-action-hash=\"#elementor-action%3Aaction%3Dlightbox%26settings%3DeyJpZCI6MjI5OTEsInVybCI6Imh0dHBzOlwvXC9sZWJlci12cmFja28uc2lcL3dwLWNvbnRlbnRcL3VwbG9hZHNcLzIwMjNcLzEyXC9tbGVrbzMtMTAyNHg2ODEtMS5qcGciLCJzbGlkZXNob3ciOiIyMjVkNmUwIn0%3D\" href='https:\/\/leber-vracko.si\/wp-content\/uploads\/2023\/12\/mleko3-1024x681-1.jpg'><img decoding=\"async\" width=\"150\" height=\"150\" src=\"https:\/\/leber-vracko.si\/wp-content\/uploads\/2023\/12\/mleko3-1024x681-1-150x150.jpg\" class=\"attachment-thumbnail size-thumbnail\" alt=\"\" srcset=\"https:\/\/leber-vracko.si\/wp-content\/uploads\/2023\/12\/mleko3-1024x681-1-150x150.jpg 150w, https:\/\/leber-vracko.si\/wp-content\/uploads\/2023\/12\/mleko3-1024x681-1-120x120.jpg 120w, https:\/\/leber-vracko.si\/wp-content\/uploads\/2023\/12\/mleko3-1024x681-1-370x370.jpg 370w\" sizes=\"(max-width: 150px) 100vw, 150px\" \/><\/a>\n\t\t\t<\/div><\/figure><figure class='gallery-item'>\n\t\t\t<div class='gallery-icon landscape'>\n\t\t\t\t<a data-elementor-open-lightbox=\"yes\" data-elementor-lightbox-slideshow=\"225d6e0\" data-elementor-lightbox-title=\"mleko2-1024x683\" data-e-action-hash=\"#elementor-action%3Aaction%3Dlightbox%26settings%3DeyJpZCI6MjI5ODksInVybCI6Imh0dHBzOlwvXC9sZWJlci12cmFja28uc2lcL3dwLWNvbnRlbnRcL3VwbG9hZHNcLzIwMjNcLzEyXC9tbGVrbzItMTAyNHg2ODMtMS5qcGciLCJzbGlkZXNob3ciOiIyMjVkNmUwIn0%3D\" href='https:\/\/leber-vracko.si\/wp-content\/uploads\/2023\/12\/mleko2-1024x683-1.jpg'><img decoding=\"async\" width=\"150\" height=\"150\" src=\"https:\/\/leber-vracko.si\/wp-content\/uploads\/2023\/12\/mleko2-1024x683-1-150x150.jpg\" class=\"attachment-thumbnail size-thumbnail\" alt=\"\" srcset=\"https:\/\/leber-vracko.si\/wp-content\/uploads\/2023\/12\/mleko2-1024x683-1-150x150.jpg 150w, https:\/\/leber-vracko.si\/wp-content\/uploads\/2023\/12\/mleko2-1024x683-1-120x120.jpg 120w, https:\/\/leber-vracko.si\/wp-content\/uploads\/2023\/12\/mleko2-1024x683-1-370x370.jpg 370w\" sizes=\"(max-width: 150px) 100vw, 150px\" \/><\/a>\n\t\t\t<\/div><\/figure><figure class='gallery-item'>\n\t\t\t<div class='gallery-icon landscape'>\n\t\t\t\t<a data-elementor-open-lightbox=\"yes\" data-elementor-lightbox-slideshow=\"225d6e0\" data-elementor-lightbox-title=\"mleko1-1024x680\" data-e-action-hash=\"#elementor-action%3Aaction%3Dlightbox%26settings%3DeyJpZCI6MjI5ODcsInVybCI6Imh0dHBzOlwvXC9sZWJlci12cmFja28uc2lcL3dwLWNvbnRlbnRcL3VwbG9hZHNcLzIwMjNcLzEyXC9tbGVrbzEtMTAyNHg2ODAtMS5qcGciLCJzbGlkZXNob3ciOiIyMjVkNmUwIn0%3D\" href='https:\/\/leber-vracko.si\/wp-content\/uploads\/2023\/12\/mleko1-1024x680-1.jpg'><img loading=\"lazy\" decoding=\"async\" width=\"150\" height=\"150\" src=\"https:\/\/leber-vracko.si\/wp-content\/uploads\/2023\/12\/mleko1-1024x680-1-150x150.jpg\" class=\"attachment-thumbnail size-thumbnail\" alt=\"\" srcset=\"https:\/\/leber-vracko.si\/wp-content\/uploads\/2023\/12\/mleko1-1024x680-1-150x150.jpg 150w, https:\/\/leber-vracko.si\/wp-content\/uploads\/2023\/12\/mleko1-1024x680-1-120x120.jpg 120w, https:\/\/leber-vracko.si\/wp-content\/uploads\/2023\/12\/mleko1-1024x680-1-370x370.jpg 370w\" sizes=\"(max-width: 150px) 100vw, 150px\" \/><\/a>\n\t\t\t<\/div><\/figure><figure class='gallery-item'>\n\t\t\t<div class='gallery-icon portrait'>\n\t\t\t\t<a data-elementor-open-lightbox=\"yes\" data-elementor-lightbox-slideshow=\"225d6e0\" data-elementor-lightbox-title=\"DSC03367-680x1024\" data-e-action-hash=\"#elementor-action%3Aaction%3Dlightbox%26settings%3DeyJpZCI6MjI5NjUsInVybCI6Imh0dHBzOlwvXC9sZWJlci12cmFja28uc2lcL3dwLWNvbnRlbnRcL3VwbG9hZHNcLzIwMjNcLzEyXC9EU0MwMzM2Ny02ODB4MTAyNC0xLmpwZyIsInNsaWRlc2hvdyI6IjIyNWQ2ZTAifQ%3D%3D\" href='https:\/\/leber-vracko.si\/wp-content\/uploads\/2023\/12\/DSC03367-680x1024-1.jpg'><img loading=\"lazy\" decoding=\"async\" width=\"150\" height=\"150\" src=\"https:\/\/leber-vracko.si\/wp-content\/uploads\/2023\/12\/DSC03367-680x1024-1-150x150.jpg\" class=\"attachment-thumbnail size-thumbnail\" alt=\"\" srcset=\"https:\/\/leber-vracko.si\/wp-content\/uploads\/2023\/12\/DSC03367-680x1024-1-150x150.jpg 150w, https:\/\/leber-vracko.si\/wp-content\/uploads\/2023\/12\/DSC03367-680x1024-1-120x120.jpg 120w, https:\/\/leber-vracko.si\/wp-content\/uploads\/2023\/12\/DSC03367-680x1024-1-370x370.jpg 370w\" sizes=\"(max-width: 150px) 100vw, 150px\" \/><\/a>\n\t\t\t<\/div><\/figure>\n\t\t<\/div>\n\t\t<\/div>\n\t\t\t\t<\/div>\n\t\t\t\t<\/div>\n\t\t\t\t\t<\/div>\n\t\t<\/div>\n\t\t\t\t\t\t\t<\/div>\n\t\t<\/section>\n\t\t\t\t\t\t\t<\/div>\n\t\t","protected":false},"excerpt":{"rendered":"<p>Milch, das Ern\u00e4hrungs-Wunder und ein unverzichtbarer Teil der traditionellen und modernen K\u00fcche, ist das Geschenk unserer K\u00fche. Unsere Sorge und Liebe f\u00fcr K\u00fche der schwarz-wei\u00dfen Rasse, erfordert st\u00e4ndige Wartung der&hellip;<\/p>\n","protected":false},"author":1,"featured_media":0,"parent":0,"menu_order":0,"comment_status":"closed","ping_status":"closed","template":"","meta":{"footnotes":""},"class_list":["post-23008","page","type-page","status-publish","hentry"],"_links":{"self":[{"href":"https:\/\/leber-vracko.si\/de\/wp-json\/wp\/v2\/pages\/23008","targetHints":{"allow":["GET"]}}],"collection":[{"href":"https:\/\/leber-vracko.si\/de\/wp-json\/wp\/v2\/pages"}],"about":[{"href":"https:\/\/leber-vracko.si\/de\/wp-json\/wp\/v2\/types\/page"}],"author":[{"embeddable":true,"href":"https:\/\/leber-vracko.si\/de\/wp-json\/wp\/v2\/users\/1"}],"replies":[{"embeddable":true,"href":"https:\/\/leber-vracko.si\/de\/wp-json\/wp\/v2\/comments?post=23008"}],"version-history":[{"count":6,"href":"https:\/\/leber-vracko.si\/de\/wp-json\/wp\/v2\/pages\/23008\/revisions"}],"predecessor-version":[{"id":23124,"href":"https:\/\/leber-vracko.si\/de\/wp-json\/wp\/v2\/pages\/23008\/revisions\/23124"}],"wp:attachment":[{"href":"https:\/\/leber-vracko.si\/de\/wp-json\/wp\/v2\/media?parent=23008"}],"curies":[{"name":"wp","href":"https:\/\/api.w.org\/{rel}","templated":true}]}}